{"id":9,"date":"2021-06-21T11:01:12","date_gmt":"2021-06-21T11:01:12","guid":{"rendered":"https:\/\/neukloster-spd.de\/?page_id=9"},"modified":"2026-02-16T12:20:36","modified_gmt":"2026-02-16T12:20:36","slug":"home","status":"publish","type":"page","link":"https:\/\/neukloster-spd.de\/","title":{"rendered":"Startseite"},"content":{"rendered":"\n<div class=\"wp-block-cover alignfull is-light\" style=\"min-height:702px;aspect-ratio:unset;\"><span aria-hidden=\"true\" class=\"wp-block-cover__background has-background-dim-100 has-background-dim\" style=\"background-color:#d2e6ef\"><\/span><div class=\"wp-block-cover__inner-container is-layout-flow wp-block-cover-is-layout-flow\"><div class=\"wp-block-image\">\n<figure class=\"aligncenter size-thumbnail\"><img decoding=\"async\" width=\"150\" height=\"150\" src=\"https:\/\/neukloster-spd.de\/wp-content\/uploads\/2021\/07\/SPD_Buxtehude_Logo-150x150.png\" alt=\"\" class=\"wp-image-139\" srcset=\"https:\/\/neukloster-spd.de\/wp-content\/uploads\/2021\/07\/SPD_Buxtehude_Logo-150x150.png 150w, https:\/\/neukloster-spd.de\/wp-content\/uploads\/2021\/07\/SPD_Buxtehude_Logo-300x300.png 300w, https:\/\/neukloster-spd.de\/wp-content\/uploads\/2021\/07\/SPD_Buxtehude_Logo-1024x1020.png 1024w, https:\/\/neukloster-spd.de\/wp-content\/uploads\/2021\/07\/SPD_Buxtehude_Logo-768x765.png 768w, https:\/\/neukloster-spd.de\/wp-content\/uploads\/2021\/07\/SPD_Buxtehude_Logo.png 1187w\" sizes=\"(max-width: 150px) 100vw, 150px\" \/><\/figure>\n<\/div>\n\n\n<h1 class=\"wp-block-heading has-text-align-center has-text-color\" style=\"color:#121212;font-size:32px\">SPD Fraktion <br>Ortsrat Buxtehude Neukloster<\/h1>\n\n\n\n<p class=\"has-text-align-center has-text-color\" style=\"color:#121212;font-size:32px\"><span style=\"color:#f40101\" class=\"has-inline-color\">Wir f\u00fcr Neukloster!<\/span><\/p>\n\n\n\n<div style=\"height:23px\" aria-hidden=\"true\" class=\"wp-block-spacer\"><\/div>\n\n\n\n<div class=\"wp-block-buttons is-horizontal is-content-justification-center is-layout-flex wp-container-core-buttons-is-layout-499968f5 wp-block-buttons-is-layout-flex\">\n<div class=\"wp-block-button is-style-primary\"><a class=\"wp-block-button__link wp-element-button\" href=\"#Mitglieder\">UNSERE OrtsratsMitglieder<\/a><\/div>\n\n\n\n<div class=\"wp-block-button is-style-secondary\"><a class=\"wp-block-button__link wp-element-button\" href=\"#Geschichte\">DIE Geschichte DES DISTRIKTS<\/a><\/div>\n<\/div>\n\n\n\n<p><\/p>\n<\/div><\/div>\n\n\n\n<div style=\"height:80px\" aria-hidden=\"true\" id=\"Kandidaten\" class=\"wp-block-spacer\"><\/div>\n\n\n\n<h2 class=\"wp-block-heading has-text-align-center has-text-color\" id=\"Mitglieder\" style=\"color:#606060\">Die Mitglieder<\/h2>\n\n\n\n<div style=\"height:22px\" aria-hidden=\"true\" class=\"wp-block-spacer\"><\/div>\n\n\n\n<div class=\"wp-block-columns is-layout-flex wp-container-core-columns-is-layout-9d6595d7 wp-block-columns-is-layout-flex\">\n<div class=\"wp-block-column is-layout-flow wp-block-column-is-layout-flow\"><div class=\"wp-block-image icon-style is-style-default\">\n<figure class=\"aligncenter size-large\"><img fetchpriority=\"high\" decoding=\"async\" width=\"682\" height=\"1024\" src=\"https:\/\/neukloster-spd.de\/wp-content\/uploads\/2021\/06\/Anja_Hecker-682x1024.jpg\" alt=\"\" class=\"wp-image-36\" srcset=\"https:\/\/neukloster-spd.de\/wp-content\/uploads\/2021\/06\/Anja_Hecker-682x1024.jpg 682w, https:\/\/neukloster-spd.de\/wp-content\/uploads\/2021\/06\/Anja_Hecker-200x300.jpg 200w, https:\/\/neukloster-spd.de\/wp-content\/uploads\/2021\/06\/Anja_Hecker-768x1152.jpg 768w, https:\/\/neukloster-spd.de\/wp-content\/uploads\/2021\/06\/Anja_Hecker-1024x1536.jpg 1024w, https:\/\/neukloster-spd.de\/wp-content\/uploads\/2021\/06\/Anja_Hecker.jpg 1181w\" sizes=\"(max-width: 682px) 100vw, 682px\" \/><\/figure>\n<\/div>\n\n\n<h3 class=\"wp-block-heading has-text-align-center has-neve-text-color-color has-text-color\">Anja Heckert<\/h3>\n\n\n\n<p class=\"has-text-align-center\"><strong>Heitmannshausen<\/strong><br>Geburtsjahr 1975<\/p>\n\n\n<div class=\"wp-block-image\">\n<figure class=\"aligncenter size-large\"><a href=\"mailto:Anja.Heckert@neukloster-spd.de\"><img decoding=\"async\" width=\"280\" height=\"21\" src=\"https:\/\/neukloster-spd.de\/wp-content\/uploads\/2021\/06\/grafik-8.png\" alt=\"\" class=\"wp-image-123\"\/><\/a><\/figure>\n<\/div>\n\n\n<p class=\"has-text-align-center has-neve-link-color-color has-text-color\"><strong><em>Ortsb\u00fcrgermeisterin<\/em><\/strong><\/p>\n\n\n\n<div style=\"height:20px\" aria-hidden=\"true\" class=\"wp-block-spacer\"><\/div>\n\n\n\n<p><\/p>\n<\/div>\n\n\n\n<div class=\"wp-block-column is-layout-flow wp-block-column-is-layout-flow\"><div class=\"wp-block-image icon-style is-style-default\">\n<figure class=\"aligncenter size-large\"><img loading=\"lazy\" decoding=\"async\" width=\"682\" height=\"1024\" src=\"https:\/\/neukloster-spd.de\/wp-content\/uploads\/2021\/06\/Kai_Duehrkop-682x1024.jpg\" alt=\"\" class=\"wp-image-39\" srcset=\"https:\/\/neukloster-spd.de\/wp-content\/uploads\/2021\/06\/Kai_Duehrkop-682x1024.jpg 682w, https:\/\/neukloster-spd.de\/wp-content\/uploads\/2021\/06\/Kai_Duehrkop-200x300.jpg 200w, https:\/\/neukloster-spd.de\/wp-content\/uploads\/2021\/06\/Kai_Duehrkop-768x1152.jpg 768w, https:\/\/neukloster-spd.de\/wp-content\/uploads\/2021\/06\/Kai_Duehrkop-1024x1536.jpg 1024w, https:\/\/neukloster-spd.de\/wp-content\/uploads\/2021\/06\/Kai_Duehrkop.jpg 1181w\" sizes=\"(max-width: 682px) 100vw, 682px\" \/><\/figure>\n<\/div>\n\n\n<h3 class=\"wp-block-heading has-text-align-center has-neve-text-color-color has-text-color\">Kai D\u00fchrkop<\/h3>\n\n\n\n<p class=\"has-text-align-center\"><strong>Koppelweg<\/strong><br>Geburtsjahr 1968<\/p>\n\n\n<div class=\"wp-block-image\">\n<figure class=\"aligncenter size-large\"><a href=\"mailto:Kai.Duehrkop@neukloster-spd.de\"><img loading=\"lazy\" decoding=\"async\" width=\"286\" height=\"21\" src=\"https:\/\/neukloster-spd.de\/wp-content\/uploads\/2021\/06\/grafik-9.png\" alt=\"\" class=\"wp-image-124\"\/><\/a><\/figure>\n<\/div>\n\n\n<p class=\"has-text-align-center\"><strong><em>&#8211;<\/em><\/strong><\/p>\n\n\n\n<div style=\"height:20px\" aria-hidden=\"true\" class=\"wp-block-spacer\"><\/div>\n\n\n\n<p><\/p>\n<\/div>\n\n\n\n<div class=\"wp-block-column is-layout-flow wp-block-column-is-layout-flow\"><div class=\"wp-block-image icon-style is-style-default\">\n<figure class=\"aligncenter size-large\"><img loading=\"lazy\" decoding=\"async\" width=\"682\" height=\"1024\" src=\"https:\/\/neukloster-spd.de\/wp-content\/uploads\/2021\/11\/Andre_Raatz_1181_1772-682x1024.png\" alt=\"\" class=\"wp-image-153\" srcset=\"https:\/\/neukloster-spd.de\/wp-content\/uploads\/2021\/11\/Andre_Raatz_1181_1772-682x1024.png 682w, https:\/\/neukloster-spd.de\/wp-content\/uploads\/2021\/11\/Andre_Raatz_1181_1772-200x300.png 200w, https:\/\/neukloster-spd.de\/wp-content\/uploads\/2021\/11\/Andre_Raatz_1181_1772-768x1152.png 768w, https:\/\/neukloster-spd.de\/wp-content\/uploads\/2021\/11\/Andre_Raatz_1181_1772-1024x1536.png 1024w, https:\/\/neukloster-spd.de\/wp-content\/uploads\/2021\/11\/Andre_Raatz_1181_1772.png 1181w\" sizes=\"(max-width: 682px) 100vw, 682px\" \/><\/figure>\n<\/div>\n\n\n<h3 class=\"wp-block-heading has-text-align-center has-neve-text-color-color has-text-color\">Andre Raatz<\/h3>\n\n\n\n<p class=\"has-text-align-center\"><strong>Am Gleise<\/strong><br>Geburtsjahr 1985<\/p>\n\n\n<div class=\"wp-block-image\">\n<figure class=\"aligncenter size-large\"><a href=\"mailto:Andre.Raatz@neukloster-spd.de\"><img loading=\"lazy\" decoding=\"async\" width=\"276\" height=\"21\" src=\"https:\/\/neukloster-spd.de\/wp-content\/uploads\/2021\/06\/grafik-10.png\" alt=\"\" class=\"wp-image-125\"\/><\/a><\/figure>\n<\/div>\n\n\n<p class=\"has-text-align-center\"><strong><em>&#8211;<\/em><\/strong><\/p>\n\n\n\n<div style=\"height:20px\" aria-hidden=\"true\" class=\"wp-block-spacer\"><\/div>\n\n\n\n<p><\/p>\n<\/div>\n<\/div>\n\n\n\n<div class=\"wp-block-columns is-layout-flex wp-container-core-columns-is-layout-9d6595d7 wp-block-columns-is-layout-flex\">\n<div class=\"wp-block-column is-layout-flow wp-block-column-is-layout-flow\"><div class=\"wp-block-image icon-style is-style-default\">\n<figure class=\"aligncenter size-large\"><img loading=\"lazy\" decoding=\"async\" width=\"682\" height=\"1024\" src=\"https:\/\/neukloster-spd.de\/wp-content\/uploads\/2021\/06\/Stephane_Mileg-682x1024.jpg\" alt=\"\" class=\"wp-image-42\" srcset=\"https:\/\/neukloster-spd.de\/wp-content\/uploads\/2021\/06\/Stephane_Mileg-682x1024.jpg 682w, https:\/\/neukloster-spd.de\/wp-content\/uploads\/2021\/06\/Stephane_Mileg-200x300.jpg 200w, https:\/\/neukloster-spd.de\/wp-content\/uploads\/2021\/06\/Stephane_Mileg-768x1152.jpg 768w, https:\/\/neukloster-spd.de\/wp-content\/uploads\/2021\/06\/Stephane_Mileg.jpg 853w\" sizes=\"(max-width: 682px) 100vw, 682px\" \/><\/figure>\n<\/div>\n\n\n<h3 class=\"wp-block-heading has-text-align-center has-neve-text-color-color has-text-color\">St\u00e9phane Milleg<\/h3>\n\n\n\n<p class=\"has-text-align-center\"><strong>Bergstra\u00dfe<\/strong><br>Geburtsjahr 1981<\/p>\n\n\n<div class=\"wp-block-image\">\n<figure class=\"aligncenter size-large\"><a href=\"mailto:Stephane.Milleg@neukloster-spd.de\"><img loading=\"lazy\" decoding=\"async\" width=\"308\" height=\"22\" src=\"https:\/\/neukloster-spd.de\/wp-content\/uploads\/2021\/06\/grafik-11.png\" alt=\"\" class=\"wp-image-127\" srcset=\"https:\/\/neukloster-spd.de\/wp-content\/uploads\/2021\/06\/grafik-11.png 308w, https:\/\/neukloster-spd.de\/wp-content\/uploads\/2021\/06\/grafik-11-300x21.png 300w\" sizes=\"(max-width: 308px) 100vw, 308px\" \/><\/a><\/figure>\n<\/div>\n\n\n<p class=\"has-text-align-center\"><strong><em>Fraktionsvorsitzender<\/em><\/strong><\/p>\n\n\n\n<div style=\"height:20px\" aria-hidden=\"true\" class=\"wp-block-spacer\"><\/div>\n\n\n\n<p><\/p>\n<\/div>\n\n\n\n<div class=\"wp-block-column is-layout-flow wp-block-column-is-layout-flow\"><div class=\"wp-block-image icon-style is-style-default\">\n<figure class=\"aligncenter size-large\"><img loading=\"lazy\" decoding=\"async\" width=\"682\" height=\"1024\" src=\"https:\/\/neukloster-spd.de\/wp-content\/uploads\/2021\/06\/Jens_Zych-682x1024.jpg\" alt=\"\" class=\"wp-image-38\" srcset=\"https:\/\/neukloster-spd.de\/wp-content\/uploads\/2021\/06\/Jens_Zych-682x1024.jpg 682w, https:\/\/neukloster-spd.de\/wp-content\/uploads\/2021\/06\/Jens_Zych-200x300.jpg 200w, https:\/\/neukloster-spd.de\/wp-content\/uploads\/2021\/06\/Jens_Zych-768x1152.jpg 768w, https:\/\/neukloster-spd.de\/wp-content\/uploads\/2021\/06\/Jens_Zych.jpg 853w\" sizes=\"(max-width: 682px) 100vw, 682px\" \/><\/figure>\n<\/div>\n\n\n<h3 class=\"wp-block-heading has-text-align-center has-neve-text-color-color has-text-color\">Jens Zych<\/h3>\n\n\n\n<p class=\"has-text-align-center\"><strong>Zum Heidberg<\/strong><br>Geburtsjahr 1966<\/p>\n\n\n<div class=\"wp-block-image\">\n<figure class=\"aligncenter size-large\"><a href=\"mailto:Jens.Zych@neukloster-spd.de\"><img loading=\"lazy\" decoding=\"async\" width=\"257\" height=\"21\" src=\"https:\/\/neukloster-spd.de\/wp-content\/uploads\/2021\/06\/grafik-12.png\" alt=\"\" class=\"wp-image-129\"\/><\/a><\/figure>\n<\/div>\n\n\n<p class=\"has-text-align-center\"><strong><em>&#8211;<\/em><\/strong><\/p>\n\n\n\n<div style=\"height:20px\" aria-hidden=\"true\" class=\"wp-block-spacer\"><\/div>\n<\/div>\n\n\n\n<div class=\"wp-block-column is-layout-flow wp-block-column-is-layout-flow\"><div class=\"wp-block-image icon-style is-style-default\">\n<figure class=\"aligncenter size-large\"><img loading=\"lazy\" decoding=\"async\" width=\"682\" height=\"1024\" src=\"https:\/\/neukloster-spd.de\/wp-content\/uploads\/2021\/06\/Cartsen_Claude-682x1024.jpg\" alt=\"\" class=\"wp-image-37\" srcset=\"https:\/\/neukloster-spd.de\/wp-content\/uploads\/2021\/06\/Cartsen_Claude-682x1024.jpg 682w, https:\/\/neukloster-spd.de\/wp-content\/uploads\/2021\/06\/Cartsen_Claude-200x300.jpg 200w, https:\/\/neukloster-spd.de\/wp-content\/uploads\/2021\/06\/Cartsen_Claude-768x1152.jpg 768w, https:\/\/neukloster-spd.de\/wp-content\/uploads\/2021\/06\/Cartsen_Claude-1024x1536.jpg 1024w, https:\/\/neukloster-spd.de\/wp-content\/uploads\/2021\/06\/Cartsen_Claude.jpg 1181w\" sizes=\"(max-width: 682px) 100vw, 682px\" \/><\/figure>\n<\/div>\n\n\n<h3 class=\"wp-block-heading has-text-align-center has-neve-text-color-color has-text-color\">Carsten Claud\u00e9<\/h3>\n\n\n\n<p class=\"has-text-align-center\"><strong>L\u00e4rchenweg<\/strong><br>Geburtsjahr 1991<\/p>\n\n\n<div class=\"wp-block-image\">\n<figure class=\"aligncenter size-large\"><a href=\"mailto:Carsten.Claude@neukloster-spd.de\"><img loading=\"lazy\" decoding=\"async\" width=\"306\" height=\"21\" src=\"https:\/\/neukloster-spd.de\/wp-content\/uploads\/2021\/06\/grafik-13.png\" alt=\"\" class=\"wp-image-132\" srcset=\"https:\/\/neukloster-spd.de\/wp-content\/uploads\/2021\/06\/grafik-13.png 306w, https:\/\/neukloster-spd.de\/wp-content\/uploads\/2021\/06\/grafik-13-300x21.png 300w\" sizes=\"(max-width: 306px) 100vw, 306px\" \/><\/a><\/figure>\n<\/div>\n\n\n<p class=\"has-text-align-center\"><strong><em><strong><em>Stellvetr. Ortsb\u00fcrgermeister<\/em><\/strong><\/em><\/strong><\/p>\n\n\n\n<div style=\"height:20px\" aria-hidden=\"true\" class=\"wp-block-spacer\"><\/div>\n<\/div>\n<\/div>\n\n\n\n<div style=\"height:80px\" aria-hidden=\"true\" class=\"wp-block-spacer\"><\/div>\n\n\n\n<div class=\"wp-block-cover alignfull is-light\" style=\"min-height:1383px;aspect-ratio:unset;\" id=\"Geschichte\"><span aria-hidden=\"true\" class=\"wp-block-cover__background has-nv-light-bg-background-color has-background-dim-100 has-background-dim\"><\/span><div class=\"wp-block-cover__inner-container is-layout-flow wp-block-cover-is-layout-flow\">\n<div class=\"wp-block-group\"><div class=\"wp-block-group__inner-container is-layout-flow wp-block-group-is-layout-flow\">\n<h2 class=\"wp-block-heading has-neve-link-color-color has-text-color\">Die Geschichte des Distrikt Neukloster\/Hedendorf\/Dammhausen<\/h2>\n\n\n\n<div style=\"height:33px\" aria-hidden=\"true\" class=\"wp-block-spacer\"><\/div>\n<\/div><\/div>\n\n\n\n<p class=\"has-neve-link-color-color has-text-color\">Die Anf\u00e4nge einer sozialdemokratischen Organisation in Neukloster und Hedendorf reichen \u2013 soweit Zeugnisse vorliegen \u2013 bis in die Weimarer Zeit zur\u00fcck. So wird im Jahresbericht des Bezirkes Hamburg Nordwest f\u00fcr die Zeit 1923 \u2013 1925 im Unterbezirk Unterelbe der SPD-Ortsverein Neukloster gef\u00fchrt. Ebenso wird berichtet, dass in Hedendorf von 9 Gemeindevertretern 3 von der SPD gestellt wurden. In sp\u00e4teren Jahresberichten ist der Ortsverein nicht mehr genannt. M\u00f6glicherweise haben sich die Mitglieder benachbarten Ortsvereinen angeschlossen. Trotzdem erreichten die Sozialdemokraten bei der Reichstagswahl am 14. September 1930 in beiden Gemeinden noch den h\u00f6chsten Anteil der abgegebenen Stimmen: Neukloster 81 von 298 und in Hedendorf 98 von 268 Stimmen. Die NSDAP dazu im Vergleich: Neukloster 76 und Hedendorf 53.<\/p>\n\n\n\n<p class=\"has-neve-link-color-color has-text-color\">\u00dcber die Wiedergr\u00fcndung des SPD-Ortsvereins nach dem 2. Weltkrieg liegt keine Aufzeichnung vor. Das Protokollbuch des Ortsvereins beginnt mit einer Niederschrift \u00fcber die Jahreshauptversammlung am 9. Februar 1948, in der Franz Gerowski dem bisherigen Vorsitzenden Rudolf L\u00f6sekamp folgte. Die weiteren Ortsvereinsvorsitzenden bis 1972 waren Julius Uterwede, Johannes Fick, H.A. Eichgr\u00fcn, Horst Juschkewitz und Hans-Wilhelm Frenzel. Die Zahl der Mitglieder des Ortsvereins, die zur Zeit der Gr\u00fcndung gerade ein Dutzend betrug, erreichte bis zu Umwandlung in den Distrikt das Dreifache. Au\u00dfer im Ortsverein waren die meisten Mitglieder auch in der Arbeiterwohlfahrt und in der Siedlergenossenschaft Neukloster aktiv.<\/p>\n\n\n\n<p class=\"has-neve-link-color-color has-text-color\">Inhaltlich befasste sich der Ortsverein neben allgemeinpolitischen Themen mit wichtigen Sozialgesetzen und mit kommunalpolitischen Fragestelllungen.<\/p>\n\n\n\n<p class=\"has-neve-link-color-color has-text-color\">Heftig diskutiert auch in der SPD wurde Ende der sechziger, Anfang der siebziger Jahre die Verwaltungs- und Gebietsreform. Zun\u00e4chst war in der Diskussion, mit den westlich gelegenen Nachbargemeinden eine Samtgemeinde zu bilden. Als diese an der Frage der Schulstandorte scheiterte, kam zun\u00e4chst Neukloster und sp\u00e4ter Hedendorf zur Stadt Buxtehude. Beide ehemaligen Gemeinden bildeten danach Ortschaften mit einem jeweils elfk\u00f6pfigen Ortsrat.<\/p>\n\n\n\n<p class=\"has-neve-link-color-color has-text-color\">In der Nachkriegszeit blieb die SPD in beiden Gemeinde- bzw. Ortsr\u00e4ten gegen\u00fcber der NLP\/DP\/CDU in der Minderheit, bis sie jeweils mit 6:5 Sitzen 1972 in Hedendorf mit Hans-Heinrich Ropers und 1986 in Neukloster mit Hans K\u00fchlke den B\u00fcrgermeister stellte. K\u00fchlke folgten ab 1989 Wera Frenzel und ab 2001 Helmut Burfeind. In Hedendorf wirkten Hans-Heinrich Ropers von 1972 bis 1996 und danach Jochen Dammann von 1996 \u2013 2006 als Ortsb\u00fcrgermeister.<\/p>\n\n\n\n<p class=\"has-neve-link-color-color has-text-color\">Der ehemalige Ortsverein und sp\u00e4tere Distrikt Neukloster\/Hedendorf wurde \u00fcber fast 50 Jahre von Hans-Wilhelm Frenzel gepr\u00e4gt. Im Jahr 1959 erstmals gew\u00e4hlt, f\u00fchrte er den OV Neukloster-Hedendorf bis zur Verschmelzung mit dem OV Buxtehude im Jahr 1972. Danach bekleidete er weitere drei Jahre das Amt des Distriktvorsitzenden. Bis 2008 wirkte er in verschiedenen Funktionen im Distriktvorstand mit. Ab 2010 f\u00fchrte Marion Frenzel dann das Amt der Distriktvorsitzenden aus. Seit 2015 wurde der Distrikt von Astrid Bade gef\u00fchrt.<\/p>\n\n\n\n<p class=\"has-neve-link-color-color has-text-color\">Am 05.03.2018 wurde Anja Heckert zur neuen Vorsitzenden des Distrikts gew\u00e4hlt. Zur Stellvertreterin wurde Melanie Henkel gew\u00e4hlt und der Kassierer ist auch weiterhin Armin Rieper.<\/p>\n\n\n\n<p class=\"has-neve-link-color-color has-text-color\">In der Versammlung am 31. Mai 2018 wurde der Distrikt um die Ortschaft Dammhausen erweitert. Die Ortschaften Neukloster Hedendorf und Dammhausen sind traditionell auf vielf\u00e4ltige Weise verbunden, z.B. geh\u00f6ren sie dem gelichen Kirchspiel an.<\/p>\n\n\n\n<p class=\"has-neve-link-color-color has-text-color\">In einer Nachwahl zum Distriktvorstand wurde Thomas Sudmeyer zum neuen Schriftf\u00fchrer des Distrikts gew\u00e4hlt.<\/p>\n<\/div><\/div>\n\n\n\n<div class=\"wp-block-cover alignfull is-light\" style=\"min-height:1008px;aspect-ratio:unset;\" id=\"Broschuere\"><span aria-hidden=\"true\" class=\"wp-block-cover__background has-background-dim-100 has-background-dim\" style=\"background-color:#f6f1f1\"><\/span><div class=\"wp-block-cover__inner-container is-layout-flow wp-block-cover-is-layout-flow\">\n<div class=\"wp-block-group\"><div class=\"wp-block-group__inner-container is-layout-flow wp-block-group-is-layout-flow\">\n<div style=\"height:80px\" aria-hidden=\"true\" id=\"Broschuere\" class=\"wp-block-spacer\"><\/div>\n\n\n\n<div class=\"wp-block-columns are-vertically-aligned-center is-layout-flex wp-container-core-columns-is-layout-9d6595d7 wp-block-columns-is-layout-flex\">\n<div class=\"wp-block-column is-vertically-aligned-center is-layout-flow wp-block-column-is-layout-flow\" style=\"flex-basis:50%\">\n<figure class=\"wp-block-gallery has-nested-images columns-3 is-cropped wp-block-gallery-1 is-layout-flex wp-block-gallery-is-layout-flex\">\n<figure class=\"wp-block-image size-medium\"><a href=\"https:\/\/neukloster-spd.de\/wp-content\/uploads\/2021\/07\/Nkl_Endfassg_S1.jpg\"><img loading=\"lazy\" decoding=\"async\" width=\"217\" height=\"300\" data-id=\"140\" src=\"https:\/\/neukloster-spd.de\/wp-content\/uploads\/2021\/07\/Nkl_Endfassg_S1-217x300.jpg\" alt=\"\" class=\"wp-image-140\" srcset=\"https:\/\/neukloster-spd.de\/wp-content\/uploads\/2021\/07\/Nkl_Endfassg_S1-217x300.jpg 217w, https:\/\/neukloster-spd.de\/wp-content\/uploads\/2021\/07\/Nkl_Endfassg_S1.jpg 579w\" sizes=\"(max-width: 217px) 100vw, 217px\" \/><\/a><figcaption class=\"wp-element-caption\">Seite 1<\/figcaption><\/figure>\n\n\n\n<figure class=\"wp-block-image size-medium\"><a href=\"https:\/\/neukloster-spd.de\/wp-content\/uploads\/2021\/07\/Nkl_Endfassg_S2.jpg\"><img loading=\"lazy\" decoding=\"async\" width=\"225\" height=\"300\" data-id=\"144\" src=\"https:\/\/neukloster-spd.de\/wp-content\/uploads\/2021\/07\/Nkl_Endfassg_S2-225x300.jpg\" alt=\"\" class=\"wp-image-144\" srcset=\"https:\/\/neukloster-spd.de\/wp-content\/uploads\/2021\/07\/Nkl_Endfassg_S2-225x300.jpg 225w, https:\/\/neukloster-spd.de\/wp-content\/uploads\/2021\/07\/Nkl_Endfassg_S2.jpg 449w\" sizes=\"(max-width: 225px) 100vw, 225px\" \/><\/a><figcaption class=\"wp-element-caption\">Seite 2<\/figcaption><\/figure>\n\n\n\n<figure class=\"wp-block-image size-medium\"><a href=\"https:\/\/neukloster-spd.de\/wp-content\/uploads\/2021\/07\/Nkl_Endfassg_S3.jpg\"><img loading=\"lazy\" decoding=\"async\" width=\"214\" height=\"300\" data-id=\"143\" src=\"https:\/\/neukloster-spd.de\/wp-content\/uploads\/2021\/07\/Nkl_Endfassg_S3-214x300.jpg\" alt=\"\" class=\"wp-image-143\" srcset=\"https:\/\/neukloster-spd.de\/wp-content\/uploads\/2021\/07\/Nkl_Endfassg_S3-214x300.jpg 214w, https:\/\/neukloster-spd.de\/wp-content\/uploads\/2021\/07\/Nkl_Endfassg_S3.jpg 427w\" sizes=\"(max-width: 214px) 100vw, 214px\" \/><\/a><figcaption class=\"wp-element-caption\">Seite 3<\/figcaption><\/figure>\n\n\n\n<figure class=\"wp-block-image size-medium\"><a href=\"https:\/\/neukloster-spd.de\/wp-content\/uploads\/2021\/07\/Nkl_Endfassg_S4.jpg\"><img loading=\"lazy\" decoding=\"async\" width=\"202\" height=\"300\" data-id=\"142\" src=\"https:\/\/neukloster-spd.de\/wp-content\/uploads\/2021\/07\/Nkl_Endfassg_S4-202x300.jpg\" alt=\"\" class=\"wp-image-142\" srcset=\"https:\/\/neukloster-spd.de\/wp-content\/uploads\/2021\/07\/Nkl_Endfassg_S4-202x300.jpg 202w, https:\/\/neukloster-spd.de\/wp-content\/uploads\/2021\/07\/Nkl_Endfassg_S4.jpg 542w\" sizes=\"(max-width: 202px) 100vw, 202px\" \/><\/a><figcaption class=\"wp-element-caption\">Seite 4<\/figcaption><\/figure>\n\n\n\n<figure class=\"wp-block-image size-medium\"><a href=\"https:\/\/neukloster-spd.de\/wp-content\/uploads\/2021\/07\/Nkl_Endfassg_S5.jpg\"><img loading=\"lazy\" decoding=\"async\" width=\"212\" height=\"300\" data-id=\"141\" src=\"https:\/\/neukloster-spd.de\/wp-content\/uploads\/2021\/07\/Nkl_Endfassg_S5-212x300.jpg\" alt=\"\" class=\"wp-image-141\" srcset=\"https:\/\/neukloster-spd.de\/wp-content\/uploads\/2021\/07\/Nkl_Endfassg_S5-212x300.jpg 212w, https:\/\/neukloster-spd.de\/wp-content\/uploads\/2021\/07\/Nkl_Endfassg_S5.jpg 563w\" sizes=\"(max-width: 212px) 100vw, 212px\" \/><\/a><figcaption class=\"wp-element-caption\">Seite 5<\/figcaption><\/figure>\n<\/figure>\n<\/div>\n\n\n\n<div class=\"wp-block-column is-vertically-aligned-center is-layout-flow wp-block-column-is-layout-flow\" style=\"flex-basis:50%\">\n<div style=\"height:20px\" aria-hidden=\"true\" class=\"wp-block-spacer\"><\/div>\n\n\n\n<h2 class=\"wp-block-heading has-text-align-left has-neve-text-color-color has-text-color\">Unsere <br>Wahl-Brosch\u00fcre 2021<\/h2>\n\n\n\n<p class=\"has-text-align-left has-neve-text-color-color has-text-color\" style=\"font-size:17px\"><\/p>\n<\/div>\n<\/div>\n\n\n\n<div style=\"height:40px\" aria-hidden=\"true\" class=\"wp-block-spacer\"><\/div>\n<\/div><\/div>\n<\/div><\/div>\n\n\n\n<div style=\"height:100px\" aria-hidden=\"true\" class=\"wp-block-spacer\"><\/div>\n\n\n\n<p class=\"has-text-align-center\" style=\"font-size:30px\">Bei Fragen oder Anregungen erreichen Sie uns per E-Mail unter:<\/p>\n\n\n<div class=\"wp-block-image\">\n<figure class=\"aligncenter is-resized\"><a href=\"mailto:info@neukloster-spd.de\"><img decoding=\"async\" src=\"https:\/\/neukloster-spd.de\/wp-content\/dsgvo-all-in-one-wp\/sserdaliame.png\" alt=\"\" style=\"width:317px;height:24px\"\/><\/a><\/figure>\n<\/div>\n\n\n<div style=\"height:40px\" aria-hidden=\"true\" class=\"wp-block-spacer\"><\/div>\n\n\n\n<hr class=\"wp-block-separator has-css-opacity is-style-wide\"\/>\n\n\n\n<p class=\"has-text-align-center\">Dieser Webauftritt wird gehostet von:<\/p>\n\n\n<div class=\"wp-block-image\">\n<figure class=\"aligncenter size-large is-resized\"><a href=\"https:\/\/www.arrt-it.de\"><img loading=\"lazy\" decoding=\"async\" width=\"1024\" height=\"387\" src=\"https:\/\/neukloster-spd.de\/wp-content\/uploads\/2021\/06\/logo-arrt-tr-1024x387.png\" alt=\"\" class=\"wp-image-96\" style=\"width:272px;height:103px\" srcset=\"https:\/\/neukloster-spd.de\/wp-content\/uploads\/2021\/06\/logo-arrt-tr-1024x387.png 1024w, https:\/\/neukloster-spd.de\/wp-content\/uploads\/2021\/06\/logo-arrt-tr-300x113.png 300w, https:\/\/neukloster-spd.de\/wp-content\/uploads\/2021\/06\/logo-arrt-tr-768x290.png 768w, https:\/\/neukloster-spd.de\/wp-content\/uploads\/2021\/06\/logo-arrt-tr-1536x581.png 1536w, https:\/\/neukloster-spd.de\/wp-content\/uploads\/2021\/06\/logo-arrt-tr.png 1576w\" sizes=\"(max-width: 1024px) 100vw, 1024px\" \/><\/a><\/figure>\n<\/div>","protected":false},"excerpt":{"rendered":"<p>Die Mitglieder Anja Heckert HeitmannshausenGeburtsjahr 1975 Ortsb\u00fcrgermeisterin Kai D\u00fchrkop KoppelwegGeburtsjahr 1968 &#8211; Andre Raatz Am GleiseGeburtsjahr 1985 &#8211; St\u00e9phane Milleg Bergstra\u00dfeGeburtsjahr 1981 Fraktionsvorsitzender Jens Zych Zum HeidbergGeburtsjahr 1966 &#8211; Carsten Claud\u00e9 L\u00e4rchenwegGeburtsjahr 1991 Stellvetr. Ortsb\u00fcrgermeister Bei Fragen oder Anregungen erreichen Sie uns per E-Mail unter: Dieser Webauftritt wird gehostet von:<\/p>\n","protected":false},"author":1,"featured_media":0,"parent":0,"menu_order":0,"comment_status":"closed","ping_status":"closed","template":"","meta":{"neve_meta_sidebar":"","neve_meta_container":"","neve_meta_enable_content_width":"on","neve_meta_content_width":100,"neve_meta_title_alignment":"","neve_meta_author_avatar":"","neve_post_elements_order":"","neve_meta_disable_header":"","neve_meta_disable_footer":"","neve_meta_disable_title":"on","footnotes":""},"class_list":["post-9","page","type-page","status-publish","hentry"],"_links":{"self":[{"href":"https:\/\/neukloster-spd.de\/index.php\/wp-json\/wp\/v2\/pages\/9","targetHints":{"allow":["GET"]}}],"collection":[{"href":"https:\/\/neukloster-spd.de\/index.php\/wp-json\/wp\/v2\/pages"}],"about":[{"href":"https:\/\/neukloster-spd.de\/index.php\/wp-json\/wp\/v2\/types\/page"}],"author":[{"embeddable":true,"href":"https:\/\/neukloster-spd.de\/index.php\/wp-json\/wp\/v2\/users\/1"}],"replies":[{"embeddable":true,"href":"https:\/\/neukloster-spd.de\/index.php\/wp-json\/wp\/v2\/comments?post=9"}],"version-history":[{"count":48,"href":"https:\/\/neukloster-spd.de\/index.php\/wp-json\/wp\/v2\/pages\/9\/revisions"}],"predecessor-version":[{"id":165,"href":"https:\/\/neukloster-spd.de\/index.php\/wp-json\/wp\/v2\/pages\/9\/revisions\/165"}],"wp:attachment":[{"href":"https:\/\/neukloster-spd.de\/index.php\/wp-json\/wp\/v2\/media?parent=9"}],"curies":[{"name":"wp","href":"https:\/\/api.w.org\/{rel}","templated":true}]}}